{"id":437,"date":"2020-01-19T11:17:02","date_gmt":"2020-01-19T10:17:02","guid":{"rendered":"https:\/\/bcv-beberanien.de\/?page_id=437"},"modified":"2026-03-15T17:52:36","modified_gmt":"2026-03-15T16:52:36","slug":"sponsoren","status":"publish","type":"page","link":"https:\/\/bcv-beberanien.de\/?page_id=437","title":{"rendered":"Sponsoren"},"content":{"rendered":"\n<figure class=\"wp-block-table is-style-regular\"><table><tbody><tr><td><\/td><td><a href=\"https:\/\/alex-liebt-licht.de\/\">Alexander Wiegmann<\/a><br><a aria-label=\"Allianz Generalvertretung Bodo Ple\u00dfmann (\u00f6ffnet in neuem Tab)\" href=\"http:\/\/vertretung.allianz.de\/bodo.plessmann\/index.html\" target=\"_blank\" rel=\"noreferrer noopener\">Allianz Generalvertretung Bodo Ple\u00dfmann<\/a><br><a href=\"https:\/\/www.ford-schneider-sondershausen.de\/\">Autohaus Ford Schneider<\/a><br><a href=\"https:\/\/www.fuhrmann-schwarz.de\/startseite.html\">Autohaus Fuhrmann &amp; Schwarz<\/a><br><a href=\"http:\/\/www.autohauspeter.de\/standort\/nl_mitarbeiter.php?InstNr=7\" target=\"_blank\" rel=\"noreferrer noopener\">Autohaus Peter<\/a><br>Blumen &amp; Deko &#8222;Am Franzberg&#8220;<br>Christopher Arndt \/ Arndti&#8217;s Hofladen<br>Danny Bobusch<br><a href=\"http:\/\/www.druckfabrik-shop.de\/\" target=\"_blank\" rel=\"noreferrer noopener\">Die &#8211; Druckfabrik &#8211; Kay Kriese<\/a><br><a href=\"https:\/\/www.edeka.de\/eh\/hessenring\/sebastian-eichenauer-frankenh%C3%A4user-stra%C3%9Fe-22\/index.jsp\">EDEKA Roy Schr\u00f6der eK Sondershausen<\/a> <br><a href=\"http:\/\/malermeister-klueting.de\/\" target=\"_blank\" rel=\"noreferrer noopener\">Firma J\u00fcrgen Kl\u00fcting<\/a><br>Familie Fuchs, Sondershausen<br><a href=\"http:\/\/www.steuerberatung-sondershausen.de\/unsere-kanzlei\" target=\"_blank\" rel=\"noreferrer noopener\">Freund &amp; Partner &#8211; Steuerberatung in Sondershausen<\/a><br>Friseur Trend<br><a href=\"https:\/\/m-hass.de\/\">Garten- und Landschaftsbau M. Ha\u00df<\/a><br><a href=\"https:\/\/www.broeder-geruestbau.de\/\">Ger\u00fcstbau Br\u00f6der<\/a><br><a href=\"http:\/\/hagebau-sondershausen.de\/\" target=\"_blank\" rel=\"noreferrer noopener\">Hagebau Sondershausen<\/a><br><a href=\"https:\/\/www.hettler-bestattungen-sondershausen.de\/\">Hettler Bestattungen<\/a><br><a href=\"http:\/\/forstschoenfeld.de\/\" target=\"_blank\" rel=\"noreferrer noopener\">Holzr\u00fcckeunternehmen Veronika Sch\u00f6nfeld<\/a><br><a href=\"http:\/\/honsel-sondershausen.de\/\" target=\"_blank\" rel=\"noreferrer noopener\">Honsel Tankstelle, Inh. M. Strotzer<\/a><br><a href=\"http:\/\/ib-bach.eu\/\" target=\"_blank\" rel=\"noreferrer noopener\">Ingenieurb\u00fcro Heike Bach<\/a><br><a href=\"http:\/\/iss-kyf.de\/\" target=\"_blank\" rel=\"noreferrer noopener\">ISS Roland Schlegel<\/a><br>IT Systeme Schuller<br><a href=\"https:\/\/www.wasserwaermeluft.de\/webvisitenkarte\/kleinschmidt-worschech-gmbh\/\">Kleinschmidt &amp; Worschech<\/a><br><a href=\"http:\/\/kyffhaeusersparkasse.de\/\" target=\"_blank\" rel=\"noreferrer noopener\">Kyffh\u00e4usersparkasse Sondershausen<\/a><br><a href=\"http:\/\/www.lts-veranstaltungstechnik.com\">LTS Veranstaltungstechnik \/ Reiner Haubold<\/a><br><a href=\"http:\/\/nestor-bildung.de\/\" target=\"_blank\" rel=\"noreferrer noopener\">Nestor<\/a><br><a href=\"https:\/\/physiotherapie-antje-waldheim.business.site\/\">Physiotherapie Antje Waldheim<\/a><br><font color=\"#004000\"><a href=\"http:\/\/kanzlei-oppermann.info\/\" target=\"_blank\" rel=\"noreferrer noopener\">Rechtsanwalt Nils Opperman<\/a><\/font>n<br><a href=\"https:\/\/www.regionalbus.de\/index.php\/sondershausen\">Regionalbus GmbH Sondershausen<\/a><br><a href=\"https:\/\/www.meinreisebuero24.com\/reiseland\/dcid\/11720\/sondershausen\/lange-strasse-1a?dcid=11720\">Reiseland Weise Sondershausen <\/a><br><a href=\"http:\/\/rossmann.de\/\" target=\"_blank\" rel=\"noreferrer noopener\">Rossmann Sondershausen<\/a><br><a href=\"http:\/\/bau-rueckebeil.de\/\">Rudolf R\u00fcckebeil Bauunternehmen<\/a><br><a href=\"http:\/\/holzverbrenner.de\/index.php?id=20\" target=\"_blank\" rel=\"noreferrer noopener\">Sanit\u00e4r &amp; Heizung GmbH Egbert Schr\u00f6ter<\/a><br><a href=\"http:\/\/schindler-dach.de\/\" target=\"_blank\" rel=\"noreferrer noopener\">Schindler Haus &#8211; und Dachpflege GmbH<\/a><br><a href=\"http:\/\/www.dach-scholz.de\/\" target=\"_blank\" rel=\"noreferrer noopener\">Scholz Bedachungs GmbH<\/a><br><a href=\"https:\/\/www.instagram.com\/st_photography.de\/\">Silvio Trinks<\/a> <br><a href=\"http:\/\/www.stadt-apotheke-sondershausen.de\/\" target=\"_blank\" rel=\"noreferrer noopener\">Stadt &#8211; Apotheke Sondershausen<\/a><br><a href=\"http:\/\/stadtwerke-sondershausen.de\/\" target=\"_blank\" rel=\"noreferrer noopener\">Stadtwerke Sondershausen<\/a><br><a href=\"http:\/\/a-lien.de\/\" target=\"_blank\" rel=\"noreferrer noopener\">Stahlbau A. Lien<\/a><br>Sven Tetzel<br><a href=\"http:\/\/ttl-ttm.de\/\" target=\"_blank\" rel=\"noreferrer noopener\">TTM Markt Sondershausen<\/a><br>Uwe Knull, Sondershausen<br><a href=\"https:\/\/www.elektriker.org\/sondershausen\/uwe-schoele-elektroinstallation-aULzV0\">Uwe Schoele Elektroservice<\/a><br><a href=\"https:\/\/www.wandelbar-friseure.de\/\">Wandelbar Friseure<\/a><br><a href=\"https:\/\/www.wbg-wippertal.de\/\">Wippertal Immobilien GmbH<\/a><\/td><\/tr><\/tbody><\/table><\/figure>\n","protected":false},"excerpt":{"rendered":"<p>Alexander WiegmannAllianz Generalvertretung Bodo Ple\u00dfmannAutohaus Ford SchneiderAutohaus Fuhrmann &amp; SchwarzAutohaus PeterBlumen &amp; Deko &#8222;Am Franzberg&#8220;Christopher Arndt \/ Arndti&#8217;s HofladenDanny BobuschDie &#8211; Druckfabrik &#8211; Kay KrieseEDEKA Roy Schr\u00f6der eK Sondershausen Firma J\u00fcrgen Kl\u00fctingFamilie Fuchs, SondershausenFreund &amp; Partner &#8211; Steuerberatung in SondershausenFriseur TrendGarten- und Landschaftsbau M. Ha\u00dfGer\u00fcstbau Br\u00f6derHagebau SondershausenHettler BestattungenHolzr\u00fcckeunternehmen Veronika Sch\u00f6nfeldHonsel Tankstelle, Inh. M. StrotzerIngenieurb\u00fcro Heike &hellip; <\/p>\n<p class=\"link-more\"><a href=\"https:\/\/bcv-beberanien.de\/?page_id=437\" class=\"more-link\"><span class=\"screen-reader-text\">\u201eSponsoren\u201c<\/span> weiterlesen<\/a><\/p>\n","protected":false},"author":1,"featured_media":0,"parent":0,"menu_order":0,"comment_status":"closed","ping_status":"closed","template":"","meta":{"_exactmetrics_skip_tracking":false,"_exactmetrics_sitenote_active":false,"_exactmetrics_sitenote_note":"","_exactmetrics_sitenote_category":0,"footnotes":""},"class_list":["post-437","page","type-page","status-publish","hentry"],"yoast_head":"<!-- This site is optimized with the Yoast SEO plugin v27.6 - https:\/\/yoast.com\/product\/yoast-seo-wordpress\/ -->\n<title>Sponsoren - BCV Blau-Weiss-Beberanien e.V.<\/title>\n<meta name=\"robots\" content=\"index, follow, max-snippet:-1, max-image-preview:large, max-video-preview:-1\" \/>\n<link rel=\"canonical\" href=\"https:\/\/bcv-beberanien.de\/?page_id=437\" \/>\n<meta property=\"og:locale\" content=\"de_DE\" \/>\n<meta property=\"og:type\" content=\"article\" \/>\n<meta property=\"og:title\" content=\"Sponsoren - BCV Blau-Weiss-Beberanien e.V.\" \/>\n<meta property=\"og:description\" content=\"Alexander WiegmannAllianz Generalvertretung Bodo Ple\u00dfmannAutohaus Ford SchneiderAutohaus Fuhrmann &amp; SchwarzAutohaus PeterBlumen &amp; Deko &#8222;Am Franzberg&#8220;Christopher Arndt \/ Arndti&#8217;s HofladenDanny BobuschDie &#8211; Druckfabrik &#8211; Kay KrieseEDEKA Roy Schr\u00f6der eK Sondershausen Firma J\u00fcrgen Kl\u00fctingFamilie Fuchs, SondershausenFreund &amp; Partner &#8211; Steuerberatung in SondershausenFriseur TrendGarten- und Landschaftsbau M. Ha\u00dfGer\u00fcstbau Br\u00f6derHagebau SondershausenHettler BestattungenHolzr\u00fcckeunternehmen Veronika Sch\u00f6nfeldHonsel Tankstelle, Inh. M. StrotzerIngenieurb\u00fcro Heike &hellip; \u201eSponsoren\u201c weiterlesen\" \/>\n<meta property=\"og:url\" content=\"https:\/\/bcv-beberanien.de\/?page_id=437\" \/>\n<meta property=\"og:site_name\" content=\"BCV Blau-Weiss-Beberanien e.V.\" \/>\n<meta property=\"article:modified_time\" content=\"2026-03-15T16:52:36+00:00\" \/>\n<meta name=\"twitter:card\" content=\"summary_large_image\" \/>\n<meta name=\"twitter:label1\" content=\"Gesch\u00e4tzte Lesezeit\" \/>\n\t<meta name=\"twitter:data1\" content=\"1\u00a0Minute\" \/>\n<script type=\"application\/ld+json\" class=\"yoast-schema-graph\">{\"@context\":\"https:\\\/\\\/schema.org\",\"@graph\":[{\"@type\":\"WebPage\",\"@id\":\"https:\\\/\\\/bcv-beberanien.de\\\/?page_id=437\",\"url\":\"https:\\\/\\\/bcv-beberanien.de\\\/?page_id=437\",\"name\":\"Sponsoren - BCV Blau-Weiss-Beberanien e.V.\",\"isPartOf\":{\"@id\":\"https:\\\/\\\/bcv-beberanien.de\\\/#website\"},\"datePublished\":\"2020-01-19T10:17:02+00:00\",\"dateModified\":\"2026-03-15T16:52:36+00:00\",\"breadcrumb\":{\"@id\":\"https:\\\/\\\/bcv-beberanien.de\\\/?page_id=437#breadcrumb\"},\"inLanguage\":\"de\",\"potentialAction\":[{\"@type\":\"ReadAction\",\"target\":[\"https:\\\/\\\/bcv-beberanien.de\\\/?page_id=437\"]}]},{\"@type\":\"BreadcrumbList\",\"@id\":\"https:\\\/\\\/bcv-beberanien.de\\\/?page_id=437#breadcrumb\",\"itemListElement\":[{\"@type\":\"ListItem\",\"position\":1,\"name\":\"Startseite\",\"item\":\"https:\\\/\\\/bcv-beberanien.de\\\/\"},{\"@type\":\"ListItem\",\"position\":2,\"name\":\"Sponsoren\"}]},{\"@type\":\"WebSite\",\"@id\":\"https:\\\/\\\/bcv-beberanien.de\\\/#website\",\"url\":\"https:\\\/\\\/bcv-beberanien.de\\\/\",\"name\":\"BCV Blau-Weiss-Beberanien e.V.\",\"description\":\"Narrenschar von Bebra seit 1952.\",\"publisher\":{\"@id\":\"https:\\\/\\\/bcv-beberanien.de\\\/#organization\"},\"potentialAction\":[{\"@type\":\"SearchAction\",\"target\":{\"@type\":\"EntryPoint\",\"urlTemplate\":\"https:\\\/\\\/bcv-beberanien.de\\\/?s={search_term_string}\"},\"query-input\":{\"@type\":\"PropertyValueSpecification\",\"valueRequired\":true,\"valueName\":\"search_term_string\"}}],\"inLanguage\":\"de\"},{\"@type\":\"Organization\",\"@id\":\"https:\\\/\\\/bcv-beberanien.de\\\/#organization\",\"name\":\"BCV Blau-Weiss-Beberanien e.V.\",\"url\":\"https:\\\/\\\/bcv-beberanien.de\\\/\",\"logo\":{\"@type\":\"ImageObject\",\"inLanguage\":\"de\",\"@id\":\"https:\\\/\\\/bcv-beberanien.de\\\/#\\\/schema\\\/logo\\\/image\\\/\",\"url\":\"https:\\\/\\\/bcv-beberanien.de\\\/wp-content\\\/uploads\\\/2019\\\/11\\\/cropped-Wappen-1.jpg\",\"contentUrl\":\"https:\\\/\\\/bcv-beberanien.de\\\/wp-content\\\/uploads\\\/2019\\\/11\\\/cropped-Wappen-1.jpg\",\"width\":214,\"height\":250,\"caption\":\"BCV Blau-Weiss-Beberanien e.V.\"},\"image\":{\"@id\":\"https:\\\/\\\/bcv-beberanien.de\\\/#\\\/schema\\\/logo\\\/image\\\/\"}}]}<\/script>\n<!-- \/ Yoast SEO plugin. -->","yoast_head_json":{"title":"Sponsoren - BCV Blau-Weiss-Beberanien e.V.","robots":{"index":"index","follow":"follow","max-snippet":"max-snippet:-1","max-image-preview":"max-image-preview:large","max-video-preview":"max-video-preview:-1"},"canonical":"https:\/\/bcv-beberanien.de\/?page_id=437","og_locale":"de_DE","og_type":"article","og_title":"Sponsoren - BCV Blau-Weiss-Beberanien e.V.","og_description":"Alexander WiegmannAllianz Generalvertretung Bodo Ple\u00dfmannAutohaus Ford SchneiderAutohaus Fuhrmann &amp; SchwarzAutohaus PeterBlumen &amp; Deko &#8222;Am Franzberg&#8220;Christopher Arndt \/ Arndti&#8217;s HofladenDanny BobuschDie &#8211; Druckfabrik &#8211; Kay KrieseEDEKA Roy Schr\u00f6der eK Sondershausen Firma J\u00fcrgen Kl\u00fctingFamilie Fuchs, SondershausenFreund &amp; Partner &#8211; Steuerberatung in SondershausenFriseur TrendGarten- und Landschaftsbau M. Ha\u00dfGer\u00fcstbau Br\u00f6derHagebau SondershausenHettler BestattungenHolzr\u00fcckeunternehmen Veronika Sch\u00f6nfeldHonsel Tankstelle, Inh. M. StrotzerIngenieurb\u00fcro Heike &hellip; \u201eSponsoren\u201c weiterlesen","og_url":"https:\/\/bcv-beberanien.de\/?page_id=437","og_site_name":"BCV Blau-Weiss-Beberanien e.V.","article_modified_time":"2026-03-15T16:52:36+00:00","twitter_card":"summary_large_image","twitter_misc":{"Gesch\u00e4tzte Lesezeit":"1\u00a0Minute"},"schema":{"@context":"https:\/\/schema.org","@graph":[{"@type":"WebPage","@id":"https:\/\/bcv-beberanien.de\/?page_id=437","url":"https:\/\/bcv-beberanien.de\/?page_id=437","name":"Sponsoren - BCV Blau-Weiss-Beberanien e.V.","isPartOf":{"@id":"https:\/\/bcv-beberanien.de\/#website"},"datePublished":"2020-01-19T10:17:02+00:00","dateModified":"2026-03-15T16:52:36+00:00","breadcrumb":{"@id":"https:\/\/bcv-beberanien.de\/?page_id=437#breadcrumb"},"inLanguage":"de","potentialAction":[{"@type":"ReadAction","target":["https:\/\/bcv-beberanien.de\/?page_id=437"]}]},{"@type":"BreadcrumbList","@id":"https:\/\/bcv-beberanien.de\/?page_id=437#breadcrumb","itemListElement":[{"@type":"ListItem","position":1,"name":"Startseite","item":"https:\/\/bcv-beberanien.de\/"},{"@type":"ListItem","position":2,"name":"Sponsoren"}]},{"@type":"WebSite","@id":"https:\/\/bcv-beberanien.de\/#website","url":"https:\/\/bcv-beberanien.de\/","name":"BCV Blau-Weiss-Beberanien e.V.","description":"Narrenschar von Bebra seit 1952.","publisher":{"@id":"https:\/\/bcv-beberanien.de\/#organization"},"potentialAction":[{"@type":"SearchAction","target":{"@type":"EntryPoint","urlTemplate":"https:\/\/bcv-beberanien.de\/?s={search_term_string}"},"query-input":{"@type":"PropertyValueSpecification","valueRequired":true,"valueName":"search_term_string"}}],"inLanguage":"de"},{"@type":"Organization","@id":"https:\/\/bcv-beberanien.de\/#organization","name":"BCV Blau-Weiss-Beberanien e.V.","url":"https:\/\/bcv-beberanien.de\/","logo":{"@type":"ImageObject","inLanguage":"de","@id":"https:\/\/bcv-beberanien.de\/#\/schema\/logo\/image\/","url":"https:\/\/bcv-beberanien.de\/wp-content\/uploads\/2019\/11\/cropped-Wappen-1.jpg","contentUrl":"https:\/\/bcv-beberanien.de\/wp-content\/uploads\/2019\/11\/cropped-Wappen-1.jpg","width":214,"height":250,"caption":"BCV Blau-Weiss-Beberanien e.V."},"image":{"@id":"https:\/\/bcv-beberanien.de\/#\/schema\/logo\/image\/"}}]}},"_links":{"self":[{"href":"https:\/\/bcv-beberanien.de\/index.php?rest_route=\/wp\/v2\/pages\/437","targetHints":{"allow":["GET"]}}],"collection":[{"href":"https:\/\/bcv-beberanien.de\/index.php?rest_route=\/wp\/v2\/pages"}],"about":[{"href":"https:\/\/bcv-beberanien.de\/index.php?rest_route=\/wp\/v2\/types\/page"}],"author":[{"embeddable":true,"href":"https:\/\/bcv-beberanien.de\/index.php?rest_route=\/wp\/v2\/users\/1"}],"replies":[{"embeddable":true,"href":"https:\/\/bcv-beberanien.de\/index.php?rest_route=%2Fwp%2Fv2%2Fcomments&post=437"}],"version-history":[{"count":16,"href":"https:\/\/bcv-beberanien.de\/index.php?rest_route=\/wp\/v2\/pages\/437\/revisions"}],"predecessor-version":[{"id":2569,"href":"https:\/\/bcv-beberanien.de\/index.php?rest_route=\/wp\/v2\/pages\/437\/revisions\/2569"}],"wp:attachment":[{"href":"https:\/\/bcv-beberanien.de\/index.php?rest_route=%2Fwp%2Fv2%2Fmedia&parent=437"}],"curies":[{"name":"wp","href":"https:\/\/api.w.org\/{rel}","templated":true}]}}