{"id":593,"date":"2020-04-19T14:00:04","date_gmt":"2020-04-19T12:00:04","guid":{"rendered":"https:\/\/bcv-beberanien.de\/?page_id=593"},"modified":"2025-09-14T17:44:10","modified_gmt":"2025-09-14T15:44:10","slug":"downloads","status":"publish","type":"page","link":"https:\/\/bcv-beberanien.de\/?page_id=593","title":{"rendered":"Downloads"},"content":{"rendered":"\n<p class=\"has-text-align-left\">Auf dieser Seite findet ihr unsere Aufnahmeantr\u00e4ge (Mitgliedsantr\u00e4ge) sowie die Satzung des BCV Blau-Wei\u00df Beberanien e.V. zu eurer Information. Den vollst\u00e4ndig ausgef\u00fcllten und unterschriebenen Mitgliedsantrag sendet ihr bitte per Mail an info@bcv-beberanien.de oder reicht ihn bei einem Vorstandsmitglied ein.<\/p>\n\n\n\n<div data-wp-interactive=\"core\/file\" class=\"wp-block-file\"><object data-wp-bind--hidden=\"!state.hasPdfPreview\" hidden class=\"wp-block-file__embed\" data=\"https:\/\/bcv-beberanien.de\/wp-content\/uploads\/2025\/09\/Satzung_Stand_12-11-2022.pdf\" type=\"application\/pdf\" style=\"width:100%;height:600px\" aria-label=\"Einbettung von Satzung_Stand_12-11-2022.\"><\/object><a id=\"wp-block-file--media-af685a5e-a22f-4401-a7e2-5b59c3eee6d7\" href=\"https:\/\/bcv-beberanien.de\/wp-content\/uploads\/2025\/09\/Satzung_Stand_12-11-2022.pdf\">Satzung_Stand_12-11-2022<\/a><a href=\"https:\/\/bcv-beberanien.de\/wp-content\/uploads\/2025\/09\/Satzung_Stand_12-11-2022.pdf\" class=\"wp-block-file__button wp-element-button\" download aria-describedby=\"wp-block-file--media-af685a5e-a22f-4401-a7e2-5b59c3eee6d7\">Herunterladen<\/a><\/div>\n\n\n\n<div data-wp-interactive=\"core\/file\" class=\"wp-block-file\"><object data-wp-bind--hidden=\"!state.hasPdfPreview\" hidden class=\"wp-block-file__embed\" data=\"https:\/\/bcv-beberanien.de\/wp-content\/uploads\/2024\/04\/Aufnahmeantrag_BCV_Erwachsene-ab-18-Jahre.pdf\" type=\"application\/pdf\" style=\"width:100%;height:200px\" aria-label=\"Einbettung von Aufnahmeantrag_BCV_Erwachsene-ab-18-Jahre.\"><\/object><a id=\"wp-block-file--media-745ced0b-e041-41de-a3f1-811aecaf9101\" href=\"https:\/\/bcv-beberanien.de\/wp-content\/uploads\/2024\/04\/Aufnahmeantrag_BCV_Erwachsene-ab-18-Jahre.pdf\">Aufnahmeantrag_BCV_Erwachsene-ab-18-Jahre<\/a><a href=\"https:\/\/bcv-beberanien.de\/wp-content\/uploads\/2024\/04\/Aufnahmeantrag_BCV_Erwachsene-ab-18-Jahre.pdf\" class=\"wp-block-file__button wp-element-button\" download aria-describedby=\"wp-block-file--media-745ced0b-e041-41de-a3f1-811aecaf9101\">Herunterladen<\/a><\/div>\n\n\n\n<div class=\"wp-block-group\"><div class=\"wp-block-group__inner-container is-layout-constrained wp-block-group-is-layout-constrained\">\n<div class=\"wp-block-group\"><div class=\"wp-block-group__inner-container is-layout-constrained wp-block-group-is-layout-constrained\">\n<div data-wp-interactive=\"core\/file\" class=\"wp-block-file\"><object data-wp-bind--hidden=\"!state.hasPdfPreview\" hidden class=\"wp-block-file__embed\" data=\"https:\/\/bcv-beberanien.de\/wp-content\/uploads\/2024\/04\/Aufnahmeantrag_BCV_Kinder-und-Jugendliche-unter-18-Jahre-2.pdf\" type=\"application\/pdf\" style=\"width:100%;height:200px\" aria-label=\"Einbettung von Aufnahmeantrag_BCV_Kinder-und-Jugendliche-unter-18-Jahre-2.\"><\/object><a id=\"wp-block-file--media-ee689581-6022-49e5-90fc-64408e3931a3\" href=\"https:\/\/bcv-beberanien.de\/wp-content\/uploads\/2024\/04\/Aufnahmeantrag_BCV_Kinder-und-Jugendliche-unter-18-Jahre-2.pdf\">Aufnahmeantrag_BCV_Kinder-und-Jugendliche-unter-18-Jahre-2<\/a><a href=\"https:\/\/bcv-beberanien.de\/wp-content\/uploads\/2024\/04\/Aufnahmeantrag_BCV_Kinder-und-Jugendliche-unter-18-Jahre-2.pdf\" class=\"wp-block-file__button wp-element-button\" download aria-describedby=\"wp-block-file--media-ee689581-6022-49e5-90fc-64408e3931a3\">Herunterladen<\/a><\/div>\n<\/div><\/div>\n<\/div><\/div>\n","protected":false},"excerpt":{"rendered":"<p>Auf dieser Seite findet ihr unsere Aufnahmeantr\u00e4ge (Mitgliedsantr\u00e4ge) sowie die Satzung des BCV Blau-Wei\u00df Beberanien e.V. zu eurer Information. Den vollst\u00e4ndig ausgef\u00fcllten und unterschriebenen Mitgliedsantrag sendet ihr bitte per Mail an info@bcv-beberanien.de oder reicht ihn bei einem Vorstandsmitglied ein.<\/p>\n","protected":false},"author":1,"featured_media":596,"parent":0,"menu_order":0,"comment_status":"closed","ping_status":"closed","template":"","meta":{"_exactmetrics_skip_tracking":false,"_exactmetrics_sitenote_active":false,"_exactmetrics_sitenote_note":"","_exactmetrics_sitenote_category":0,"footnotes":""},"class_list":["post-593","page","type-page","status-publish","has-post-thumbnail","hentry"],"yoast_head":"<!-- This site is optimized with the Yoast SEO plugin v27.6 - https:\/\/yoast.com\/product\/yoast-seo-wordpress\/ -->\n<title>Downloads - BCV Blau-Weiss-Beberanien e.V.<\/title>\n<meta name=\"robots\" content=\"index, follow, max-snippet:-1, max-image-preview:large, max-video-preview:-1\" \/>\n<link rel=\"canonical\" href=\"https:\/\/bcv-beberanien.de\/?page_id=593\" \/>\n<meta property=\"og:locale\" content=\"de_DE\" \/>\n<meta property=\"og:type\" content=\"article\" \/>\n<meta property=\"og:title\" content=\"Downloads - BCV Blau-Weiss-Beberanien e.V.\" \/>\n<meta property=\"og:description\" content=\"Auf dieser Seite findet ihr unsere Aufnahmeantr\u00e4ge (Mitgliedsantr\u00e4ge) sowie die Satzung des BCV Blau-Wei\u00df Beberanien e.V. zu eurer Information. Den vollst\u00e4ndig ausgef\u00fcllten und unterschriebenen Mitgliedsantrag sendet ihr bitte per Mail an info@bcv-beberanien.de oder reicht ihn bei einem Vorstandsmitglied ein.\" \/>\n<meta property=\"og:url\" content=\"https:\/\/bcv-beberanien.de\/?page_id=593\" \/>\n<meta property=\"og:site_name\" content=\"BCV Blau-Weiss-Beberanien e.V.\" \/>\n<meta property=\"article:modified_time\" content=\"2025-09-14T15:44:10+00:00\" \/>\n<meta property=\"og:image\" content=\"https:\/\/bcv-beberanien.de\/wp-content\/uploads\/2020\/04\/folder-967224.jpg\" \/>\n\t<meta property=\"og:image:width\" content=\"1920\" \/>\n\t<meta property=\"og:image:height\" content=\"1280\" \/>\n\t<meta property=\"og:image:type\" content=\"image\/jpeg\" \/>\n<meta name=\"twitter:card\" content=\"summary_large_image\" \/>\n<meta name=\"twitter:label1\" content=\"Gesch\u00e4tzte Lesezeit\" \/>\n\t<meta name=\"twitter:data1\" content=\"1\u00a0Minute\" \/>\n<script type=\"application\/ld+json\" class=\"yoast-schema-graph\">{\"@context\":\"https:\\\/\\\/schema.org\",\"@graph\":[{\"@type\":\"WebPage\",\"@id\":\"https:\\\/\\\/bcv-beberanien.de\\\/?page_id=593\",\"url\":\"https:\\\/\\\/bcv-beberanien.de\\\/?page_id=593\",\"name\":\"Downloads - BCV Blau-Weiss-Beberanien e.V.\",\"isPartOf\":{\"@id\":\"https:\\\/\\\/bcv-beberanien.de\\\/#website\"},\"primaryImageOfPage\":{\"@id\":\"https:\\\/\\\/bcv-beberanien.de\\\/?page_id=593#primaryimage\"},\"image\":{\"@id\":\"https:\\\/\\\/bcv-beberanien.de\\\/?page_id=593#primaryimage\"},\"thumbnailUrl\":\"https:\\\/\\\/bcv-beberanien.de\\\/wp-content\\\/uploads\\\/2020\\\/04\\\/folder-967224.jpg\",\"datePublished\":\"2020-04-19T12:00:04+00:00\",\"dateModified\":\"2025-09-14T15:44:10+00:00\",\"breadcrumb\":{\"@id\":\"https:\\\/\\\/bcv-beberanien.de\\\/?page_id=593#breadcrumb\"},\"inLanguage\":\"de\",\"potentialAction\":[{\"@type\":\"ReadAction\",\"target\":[\"https:\\\/\\\/bcv-beberanien.de\\\/?page_id=593\"]}]},{\"@type\":\"ImageObject\",\"inLanguage\":\"de\",\"@id\":\"https:\\\/\\\/bcv-beberanien.de\\\/?page_id=593#primaryimage\",\"url\":\"https:\\\/\\\/bcv-beberanien.de\\\/wp-content\\\/uploads\\\/2020\\\/04\\\/folder-967224.jpg\",\"contentUrl\":\"https:\\\/\\\/bcv-beberanien.de\\\/wp-content\\\/uploads\\\/2020\\\/04\\\/folder-967224.jpg\",\"width\":1920,\"height\":1280},{\"@type\":\"BreadcrumbList\",\"@id\":\"https:\\\/\\\/bcv-beberanien.de\\\/?page_id=593#breadcrumb\",\"itemListElement\":[{\"@type\":\"ListItem\",\"position\":1,\"name\":\"Startseite\",\"item\":\"https:\\\/\\\/bcv-beberanien.de\\\/\"},{\"@type\":\"ListItem\",\"position\":2,\"name\":\"Downloads\"}]},{\"@type\":\"WebSite\",\"@id\":\"https:\\\/\\\/bcv-beberanien.de\\\/#website\",\"url\":\"https:\\\/\\\/bcv-beberanien.de\\\/\",\"name\":\"BCV Blau-Weiss-Beberanien e.V.\",\"description\":\"Narrenschar von Bebra seit 1952.\",\"publisher\":{\"@id\":\"https:\\\/\\\/bcv-beberanien.de\\\/#organization\"},\"potentialAction\":[{\"@type\":\"SearchAction\",\"target\":{\"@type\":\"EntryPoint\",\"urlTemplate\":\"https:\\\/\\\/bcv-beberanien.de\\\/?s={search_term_string}\"},\"query-input\":{\"@type\":\"PropertyValueSpecification\",\"valueRequired\":true,\"valueName\":\"search_term_string\"}}],\"inLanguage\":\"de\"},{\"@type\":\"Organization\",\"@id\":\"https:\\\/\\\/bcv-beberanien.de\\\/#organization\",\"name\":\"BCV Blau-Weiss-Beberanien e.V.\",\"url\":\"https:\\\/\\\/bcv-beberanien.de\\\/\",\"logo\":{\"@type\":\"ImageObject\",\"inLanguage\":\"de\",\"@id\":\"https:\\\/\\\/bcv-beberanien.de\\\/#\\\/schema\\\/logo\\\/image\\\/\",\"url\":\"https:\\\/\\\/bcv-beberanien.de\\\/wp-content\\\/uploads\\\/2019\\\/11\\\/cropped-Wappen-1.jpg\",\"contentUrl\":\"https:\\\/\\\/bcv-beberanien.de\\\/wp-content\\\/uploads\\\/2019\\\/11\\\/cropped-Wappen-1.jpg\",\"width\":214,\"height\":250,\"caption\":\"BCV Blau-Weiss-Beberanien e.V.\"},\"image\":{\"@id\":\"https:\\\/\\\/bcv-beberanien.de\\\/#\\\/schema\\\/logo\\\/image\\\/\"}}]}<\/script>\n<!-- \/ Yoast SEO plugin. -->","yoast_head_json":{"title":"Downloads - BCV Blau-Weiss-Beberanien e.V.","robots":{"index":"index","follow":"follow","max-snippet":"max-snippet:-1","max-image-preview":"max-image-preview:large","max-video-preview":"max-video-preview:-1"},"canonical":"https:\/\/bcv-beberanien.de\/?page_id=593","og_locale":"de_DE","og_type":"article","og_title":"Downloads - BCV Blau-Weiss-Beberanien e.V.","og_description":"Auf dieser Seite findet ihr unsere Aufnahmeantr\u00e4ge (Mitgliedsantr\u00e4ge) sowie die Satzung des BCV Blau-Wei\u00df Beberanien e.V. zu eurer Information. Den vollst\u00e4ndig ausgef\u00fcllten und unterschriebenen Mitgliedsantrag sendet ihr bitte per Mail an info@bcv-beberanien.de oder reicht ihn bei einem Vorstandsmitglied ein.","og_url":"https:\/\/bcv-beberanien.de\/?page_id=593","og_site_name":"BCV Blau-Weiss-Beberanien e.V.","article_modified_time":"2025-09-14T15:44:10+00:00","og_image":[{"width":1920,"height":1280,"url":"https:\/\/bcv-beberanien.de\/wp-content\/uploads\/2020\/04\/folder-967224.jpg","type":"image\/jpeg"}],"twitter_card":"summary_large_image","twitter_misc":{"Gesch\u00e4tzte Lesezeit":"1\u00a0Minute"},"schema":{"@context":"https:\/\/schema.org","@graph":[{"@type":"WebPage","@id":"https:\/\/bcv-beberanien.de\/?page_id=593","url":"https:\/\/bcv-beberanien.de\/?page_id=593","name":"Downloads - BCV Blau-Weiss-Beberanien e.V.","isPartOf":{"@id":"https:\/\/bcv-beberanien.de\/#website"},"primaryImageOfPage":{"@id":"https:\/\/bcv-beberanien.de\/?page_id=593#primaryimage"},"image":{"@id":"https:\/\/bcv-beberanien.de\/?page_id=593#primaryimage"},"thumbnailUrl":"https:\/\/bcv-beberanien.de\/wp-content\/uploads\/2020\/04\/folder-967224.jpg","datePublished":"2020-04-19T12:00:04+00:00","dateModified":"2025-09-14T15:44:10+00:00","breadcrumb":{"@id":"https:\/\/bcv-beberanien.de\/?page_id=593#breadcrumb"},"inLanguage":"de","potentialAction":[{"@type":"ReadAction","target":["https:\/\/bcv-beberanien.de\/?page_id=593"]}]},{"@type":"ImageObject","inLanguage":"de","@id":"https:\/\/bcv-beberanien.de\/?page_id=593#primaryimage","url":"https:\/\/bcv-beberanien.de\/wp-content\/uploads\/2020\/04\/folder-967224.jpg","contentUrl":"https:\/\/bcv-beberanien.de\/wp-content\/uploads\/2020\/04\/folder-967224.jpg","width":1920,"height":1280},{"@type":"BreadcrumbList","@id":"https:\/\/bcv-beberanien.de\/?page_id=593#breadcrumb","itemListElement":[{"@type":"ListItem","position":1,"name":"Startseite","item":"https:\/\/bcv-beberanien.de\/"},{"@type":"ListItem","position":2,"name":"Downloads"}]},{"@type":"WebSite","@id":"https:\/\/bcv-beberanien.de\/#website","url":"https:\/\/bcv-beberanien.de\/","name":"BCV Blau-Weiss-Beberanien e.V.","description":"Narrenschar von Bebra seit 1952.","publisher":{"@id":"https:\/\/bcv-beberanien.de\/#organization"},"potentialAction":[{"@type":"SearchAction","target":{"@type":"EntryPoint","urlTemplate":"https:\/\/bcv-beberanien.de\/?s={search_term_string}"},"query-input":{"@type":"PropertyValueSpecification","valueRequired":true,"valueName":"search_term_string"}}],"inLanguage":"de"},{"@type":"Organization","@id":"https:\/\/bcv-beberanien.de\/#organization","name":"BCV Blau-Weiss-Beberanien e.V.","url":"https:\/\/bcv-beberanien.de\/","logo":{"@type":"ImageObject","inLanguage":"de","@id":"https:\/\/bcv-beberanien.de\/#\/schema\/logo\/image\/","url":"https:\/\/bcv-beberanien.de\/wp-content\/uploads\/2019\/11\/cropped-Wappen-1.jpg","contentUrl":"https:\/\/bcv-beberanien.de\/wp-content\/uploads\/2019\/11\/cropped-Wappen-1.jpg","width":214,"height":250,"caption":"BCV Blau-Weiss-Beberanien e.V."},"image":{"@id":"https:\/\/bcv-beberanien.de\/#\/schema\/logo\/image\/"}}]}},"_links":{"self":[{"href":"https:\/\/bcv-beberanien.de\/index.php?rest_route=\/wp\/v2\/pages\/593","targetHints":{"allow":["GET"]}}],"collection":[{"href":"https:\/\/bcv-beberanien.de\/index.php?rest_route=\/wp\/v2\/pages"}],"about":[{"href":"https:\/\/bcv-beberanien.de\/index.php?rest_route=\/wp\/v2\/types\/page"}],"author":[{"embeddable":true,"href":"https:\/\/bcv-beberanien.de\/index.php?rest_route=\/wp\/v2\/users\/1"}],"replies":[{"embeddable":true,"href":"https:\/\/bcv-beberanien.de\/index.php?rest_route=%2Fwp%2Fv2%2Fcomments&post=593"}],"version-history":[{"count":8,"href":"https:\/\/bcv-beberanien.de\/index.php?rest_route=\/wp\/v2\/pages\/593\/revisions"}],"predecessor-version":[{"id":2541,"href":"https:\/\/bcv-beberanien.de\/index.php?rest_route=\/wp\/v2\/pages\/593\/revisions\/2541"}],"wp:featuredmedia":[{"embeddable":true,"href":"https:\/\/bcv-beberanien.de\/index.php?rest_route=\/wp\/v2\/media\/596"}],"wp:attachment":[{"href":"https:\/\/bcv-beberanien.de\/index.php?rest_route=%2Fwp%2Fv2%2Fmedia&parent=593"}],"curies":[{"name":"wp","href":"https:\/\/api.w.org\/{rel}","templated":true}]}}