{"id":8,"date":"2019-11-08T16:04:44","date_gmt":"2019-11-08T15:04:44","guid":{"rendered":"https:\/\/bcv-beberanien.de\/?page_id=8"},"modified":"2026-03-15T17:51:25","modified_gmt":"2026-03-15T16:51:25","slug":"willkommen-auf-unserer-vereinswebseite","status":"publish","type":"page","link":"https:\/\/bcv-beberanien.de\/","title":{"rendered":"Willkommen auf unserer Vereinswebseite"},"content":{"rendered":"\n<h2 class=\"wp-block-heading has-text-align-center\">\n\nBebra Helau!\n\n<\/h2>\n\n\n\n<hr class=\"wp-block-separator has-css-opacity is-style-wide\"\/>\n\n\n\n<figure class=\"wp-block-image size-large\"><img loading=\"lazy\" decoding=\"async\" width=\"768\" height=\"1024\" src=\"https:\/\/bcv-beberanien.de\/wp-content\/uploads\/2026\/03\/WhatsApp-Image-2026-03-15-at-17.47.39-768x1024.jpeg\" alt=\"\" class=\"wp-image-2571\" srcset=\"https:\/\/bcv-beberanien.de\/wp-content\/uploads\/2026\/03\/WhatsApp-Image-2026-03-15-at-17.47.39-768x1024.jpeg 768w, https:\/\/bcv-beberanien.de\/wp-content\/uploads\/2026\/03\/WhatsApp-Image-2026-03-15-at-17.47.39-225x300.jpeg 225w, https:\/\/bcv-beberanien.de\/wp-content\/uploads\/2026\/03\/WhatsApp-Image-2026-03-15-at-17.47.39-1152x1536.jpeg 1152w, https:\/\/bcv-beberanien.de\/wp-content\/uploads\/2026\/03\/WhatsApp-Image-2026-03-15-at-17.47.39.jpeg 1200w\" sizes=\"auto, (max-width: 706px) 89vw, (max-width: 767px) 82vw, 740px\" \/><\/figure>\n\n\n<div class=\"wp-block-image\">\n<figure class=\"aligncenter\"><img loading=\"lazy\" decoding=\"async\" width=\"246\" height=\"289\" src=\"https:\/\/bcv-beberanien.de\/wp-content\/uploads\/2019\/11\/Wappen.jpg\" alt=\"\" class=\"wp-image-6\"\/><\/figure>\n<\/div>\n\n\n<p>Dieser Schlachtruf begleitet die Narrenschar von Bebra seit 1952. Ob sich die kleine lustige M\u00e4nnerrunde am Stammtisch &#8222;Zur gr\u00fcnen Espe&#8220;, als sie den Einfall hatten, doch auch mal Karneval in Bebra zu Feiern, dessen bewusst war, was sie da ins Leben rufen w\u00fcrden?<\/p>\n\n\n\n<p>Heute sind wir nat\u00fcrlich froh, dass es diese Idee und deren Umsetzung vor vielen Jahren gegeben hat.<\/p>\n\n\n\n<p>Es war eine Zeit mit H\u00f6hen und Tiefen, mit Verboten und Schwierigkeiten bei der Durchsetzung von bestimmten H\u00f6hepunkten, eine Zeit mit vielen politischen Ver\u00e4nderungen.<\/p>\n\n\n\n<p>In all diesen Jahren wurde immer wieder deutlich: echte Narren lassen sich nicht unterkriegen und den Spa\u00df an der Freude nicht nehmen. In diesem Sinne wollen wir noch viele Jahre Karneval feiern.<\/p>\n\n\n\n<blockquote class=\"wp-block-quote is-layout-flow wp-block-quote-is-layout-flow\">\n<p><strong>Denn eins ist klar,<\/strong><\/p>\n\n\n\n<p><strong>mit uns feiert jedes Jahr<\/strong><\/p>\n\n\n\n<p><strong>eine gro\u00dfe Narrenschar.<\/strong><\/p>\n\n\n\n<p><strong>Und das soll auch weiterhin so bleiben,<\/strong><\/p>\n\n\n\n<p><strong>nur mit Frohsinn k\u00f6nnen wir die Traurigkeit vertreiben.<\/strong><\/p>\n<\/blockquote>\n","protected":false},"excerpt":{"rendered":"<p>Bebra Helau! Dieser Schlachtruf begleitet die Narrenschar von Bebra seit 1952. Ob sich die kleine lustige M\u00e4nnerrunde am Stammtisch &#8222;Zur gr\u00fcnen Espe&#8220;, als sie den Einfall hatten, doch auch mal Karneval in Bebra zu Feiern, dessen bewusst war, was sie da ins Leben rufen w\u00fcrden? Heute sind wir nat\u00fcrlich froh, dass es diese Idee und &hellip; <\/p>\n<p class=\"link-more\"><a href=\"https:\/\/bcv-beberanien.de\/\" class=\"more-link\"><span class=\"screen-reader-text\">\u201eWillkommen auf unserer Vereinswebseite\u201c<\/span> weiterlesen<\/a><\/p>\n","protected":false},"author":1,"featured_media":0,"parent":0,"menu_order":0,"comment_status":"closed","ping_status":"closed","template":"","meta":{"_exactmetrics_skip_tracking":false,"_exactmetrics_sitenote_active":false,"_exactmetrics_sitenote_note":"","_exactmetrics_sitenote_category":0,"footnotes":""},"class_list":["post-8","page","type-page","status-publish","hentry"],"yoast_head":"<!-- This site is optimized with the Yoast SEO plugin v27.5 - https:\/\/yoast.com\/product\/yoast-seo-wordpress\/ -->\n<title>Willkommen auf unserer Vereinswebseite - BCV Blau-Weiss-Beberanien e.V.<\/title>\n<meta name=\"description\" content=\"Willkommen auf der Vereinswebseite Beberanien. Dieser Schlachtruf begleitet die Narrenschar von Bebra seit 1952.\" \/>\n<meta name=\"robots\" content=\"index, follow, max-snippet:-1, max-image-preview:large, max-video-preview:-1\" \/>\n<link rel=\"canonical\" href=\"https:\/\/bcv-beberanien.de\/\" \/>\n<meta property=\"og:locale\" content=\"de_DE\" \/>\n<meta property=\"og:type\" content=\"article\" \/>\n<meta property=\"og:title\" content=\"Willkommen auf unserer Vereinswebseite - BCV Blau-Weiss-Beberanien e.V.\" \/>\n<meta property=\"og:description\" content=\"Willkommen auf der Vereinswebseite Beberanien. Dieser Schlachtruf begleitet die Narrenschar von Bebra seit 1952.\" \/>\n<meta property=\"og:url\" content=\"https:\/\/bcv-beberanien.de\/\" \/>\n<meta property=\"og:site_name\" content=\"BCV Blau-Weiss-Beberanien e.V.\" \/>\n<meta property=\"article:modified_time\" content=\"2026-03-15T16:51:25+00:00\" \/>\n<meta property=\"og:image\" content=\"https:\/\/bcv-beberanien.de\/wp-content\/uploads\/2026\/03\/WhatsApp-Image-2026-03-15-at-17.47.39.jpeg\" \/>\n\t<meta property=\"og:image:width\" content=\"1200\" \/>\n\t<meta property=\"og:image:height\" content=\"1600\" \/>\n\t<meta property=\"og:image:type\" content=\"image\/jpeg\" \/>\n<meta name=\"twitter:card\" content=\"summary_large_image\" \/>\n<meta name=\"twitter:label1\" content=\"Gesch\u00e4tzte Lesezeit\" \/>\n\t<meta name=\"twitter:data1\" content=\"2\u00a0Minuten\" \/>\n<script type=\"application\/ld+json\" class=\"yoast-schema-graph\">{\"@context\":\"https:\\\/\\\/schema.org\",\"@graph\":[{\"@type\":\"WebPage\",\"@id\":\"https:\\\/\\\/bcv-beberanien.de\\\/\",\"url\":\"https:\\\/\\\/bcv-beberanien.de\\\/\",\"name\":\"Willkommen auf unserer Vereinswebseite - BCV Blau-Weiss-Beberanien e.V.\",\"isPartOf\":{\"@id\":\"https:\\\/\\\/bcv-beberanien.de\\\/#website\"},\"primaryImageOfPage\":{\"@id\":\"https:\\\/\\\/bcv-beberanien.de\\\/#primaryimage\"},\"image\":{\"@id\":\"https:\\\/\\\/bcv-beberanien.de\\\/#primaryimage\"},\"thumbnailUrl\":\"https:\\\/\\\/bcv-beberanien.de\\\/wp-content\\\/uploads\\\/2026\\\/03\\\/WhatsApp-Image-2026-03-15-at-17.47.39-768x1024.jpeg\",\"datePublished\":\"2019-11-08T15:04:44+00:00\",\"dateModified\":\"2026-03-15T16:51:25+00:00\",\"description\":\"Willkommen auf der Vereinswebseite Beberanien. Dieser Schlachtruf begleitet die Narrenschar von Bebra seit 1952.\",\"breadcrumb\":{\"@id\":\"https:\\\/\\\/bcv-beberanien.de\\\/#breadcrumb\"},\"inLanguage\":\"de\",\"potentialAction\":[{\"@type\":\"ReadAction\",\"target\":[\"https:\\\/\\\/bcv-beberanien.de\\\/\"]}]},{\"@type\":\"ImageObject\",\"inLanguage\":\"de\",\"@id\":\"https:\\\/\\\/bcv-beberanien.de\\\/#primaryimage\",\"url\":\"https:\\\/\\\/bcv-beberanien.de\\\/wp-content\\\/uploads\\\/2026\\\/03\\\/WhatsApp-Image-2026-03-15-at-17.47.39.jpeg\",\"contentUrl\":\"https:\\\/\\\/bcv-beberanien.de\\\/wp-content\\\/uploads\\\/2026\\\/03\\\/WhatsApp-Image-2026-03-15-at-17.47.39.jpeg\",\"width\":1200,\"height\":1600},{\"@type\":\"BreadcrumbList\",\"@id\":\"https:\\\/\\\/bcv-beberanien.de\\\/#breadcrumb\",\"itemListElement\":[{\"@type\":\"ListItem\",\"position\":1,\"name\":\"Startseite\",\"item\":\"https:\\\/\\\/bcv-beberanien.de\\\/\"},{\"@type\":\"ListItem\",\"position\":2,\"name\":\"Willkommen auf unserer Vereinswebseite\"}]},{\"@type\":\"WebSite\",\"@id\":\"https:\\\/\\\/bcv-beberanien.de\\\/#website\",\"url\":\"https:\\\/\\\/bcv-beberanien.de\\\/\",\"name\":\"BCV Blau-Weiss-Beberanien e.V.\",\"description\":\"Narrenschar von Bebra seit 1952.\",\"publisher\":{\"@id\":\"https:\\\/\\\/bcv-beberanien.de\\\/#organization\"},\"potentialAction\":[{\"@type\":\"SearchAction\",\"target\":{\"@type\":\"EntryPoint\",\"urlTemplate\":\"https:\\\/\\\/bcv-beberanien.de\\\/?s={search_term_string}\"},\"query-input\":{\"@type\":\"PropertyValueSpecification\",\"valueRequired\":true,\"valueName\":\"search_term_string\"}}],\"inLanguage\":\"de\"},{\"@type\":\"Organization\",\"@id\":\"https:\\\/\\\/bcv-beberanien.de\\\/#organization\",\"name\":\"BCV Blau-Weiss-Beberanien e.V.\",\"url\":\"https:\\\/\\\/bcv-beberanien.de\\\/\",\"logo\":{\"@type\":\"ImageObject\",\"inLanguage\":\"de\",\"@id\":\"https:\\\/\\\/bcv-beberanien.de\\\/#\\\/schema\\\/logo\\\/image\\\/\",\"url\":\"https:\\\/\\\/bcv-beberanien.de\\\/wp-content\\\/uploads\\\/2019\\\/11\\\/cropped-Wappen-1.jpg\",\"contentUrl\":\"https:\\\/\\\/bcv-beberanien.de\\\/wp-content\\\/uploads\\\/2019\\\/11\\\/cropped-Wappen-1.jpg\",\"width\":214,\"height\":250,\"caption\":\"BCV Blau-Weiss-Beberanien e.V.\"},\"image\":{\"@id\":\"https:\\\/\\\/bcv-beberanien.de\\\/#\\\/schema\\\/logo\\\/image\\\/\"}}]}<\/script>\n<!-- \/ Yoast SEO plugin. -->","yoast_head_json":{"title":"Willkommen auf unserer Vereinswebseite - BCV Blau-Weiss-Beberanien e.V.","description":"Willkommen auf der Vereinswebseite Beberanien. Dieser Schlachtruf begleitet die Narrenschar von Bebra seit 1952.","robots":{"index":"index","follow":"follow","max-snippet":"max-snippet:-1","max-image-preview":"max-image-preview:large","max-video-preview":"max-video-preview:-1"},"canonical":"https:\/\/bcv-beberanien.de\/","og_locale":"de_DE","og_type":"article","og_title":"Willkommen auf unserer Vereinswebseite - BCV Blau-Weiss-Beberanien e.V.","og_description":"Willkommen auf der Vereinswebseite Beberanien. Dieser Schlachtruf begleitet die Narrenschar von Bebra seit 1952.","og_url":"https:\/\/bcv-beberanien.de\/","og_site_name":"BCV Blau-Weiss-Beberanien e.V.","article_modified_time":"2026-03-15T16:51:25+00:00","og_image":[{"width":1200,"height":1600,"url":"https:\/\/bcv-beberanien.de\/wp-content\/uploads\/2026\/03\/WhatsApp-Image-2026-03-15-at-17.47.39.jpeg","type":"image\/jpeg"}],"twitter_card":"summary_large_image","twitter_misc":{"Gesch\u00e4tzte Lesezeit":"2\u00a0Minuten"},"schema":{"@context":"https:\/\/schema.org","@graph":[{"@type":"WebPage","@id":"https:\/\/bcv-beberanien.de\/","url":"https:\/\/bcv-beberanien.de\/","name":"Willkommen auf unserer Vereinswebseite - BCV Blau-Weiss-Beberanien e.V.","isPartOf":{"@id":"https:\/\/bcv-beberanien.de\/#website"},"primaryImageOfPage":{"@id":"https:\/\/bcv-beberanien.de\/#primaryimage"},"image":{"@id":"https:\/\/bcv-beberanien.de\/#primaryimage"},"thumbnailUrl":"https:\/\/bcv-beberanien.de\/wp-content\/uploads\/2026\/03\/WhatsApp-Image-2026-03-15-at-17.47.39-768x1024.jpeg","datePublished":"2019-11-08T15:04:44+00:00","dateModified":"2026-03-15T16:51:25+00:00","description":"Willkommen auf der Vereinswebseite Beberanien. Dieser Schlachtruf begleitet die Narrenschar von Bebra seit 1952.","breadcrumb":{"@id":"https:\/\/bcv-beberanien.de\/#breadcrumb"},"inLanguage":"de","potentialAction":[{"@type":"ReadAction","target":["https:\/\/bcv-beberanien.de\/"]}]},{"@type":"ImageObject","inLanguage":"de","@id":"https:\/\/bcv-beberanien.de\/#primaryimage","url":"https:\/\/bcv-beberanien.de\/wp-content\/uploads\/2026\/03\/WhatsApp-Image-2026-03-15-at-17.47.39.jpeg","contentUrl":"https:\/\/bcv-beberanien.de\/wp-content\/uploads\/2026\/03\/WhatsApp-Image-2026-03-15-at-17.47.39.jpeg","width":1200,"height":1600},{"@type":"BreadcrumbList","@id":"https:\/\/bcv-beberanien.de\/#breadcrumb","itemListElement":[{"@type":"ListItem","position":1,"name":"Startseite","item":"https:\/\/bcv-beberanien.de\/"},{"@type":"ListItem","position":2,"name":"Willkommen auf unserer Vereinswebseite"}]},{"@type":"WebSite","@id":"https:\/\/bcv-beberanien.de\/#website","url":"https:\/\/bcv-beberanien.de\/","name":"BCV Blau-Weiss-Beberanien e.V.","description":"Narrenschar von Bebra seit 1952.","publisher":{"@id":"https:\/\/bcv-beberanien.de\/#organization"},"potentialAction":[{"@type":"SearchAction","target":{"@type":"EntryPoint","urlTemplate":"https:\/\/bcv-beberanien.de\/?s={search_term_string}"},"query-input":{"@type":"PropertyValueSpecification","valueRequired":true,"valueName":"search_term_string"}}],"inLanguage":"de"},{"@type":"Organization","@id":"https:\/\/bcv-beberanien.de\/#organization","name":"BCV Blau-Weiss-Beberanien e.V.","url":"https:\/\/bcv-beberanien.de\/","logo":{"@type":"ImageObject","inLanguage":"de","@id":"https:\/\/bcv-beberanien.de\/#\/schema\/logo\/image\/","url":"https:\/\/bcv-beberanien.de\/wp-content\/uploads\/2019\/11\/cropped-Wappen-1.jpg","contentUrl":"https:\/\/bcv-beberanien.de\/wp-content\/uploads\/2019\/11\/cropped-Wappen-1.jpg","width":214,"height":250,"caption":"BCV Blau-Weiss-Beberanien e.V."},"image":{"@id":"https:\/\/bcv-beberanien.de\/#\/schema\/logo\/image\/"}}]}},"_links":{"self":[{"href":"https:\/\/bcv-beberanien.de\/index.php?rest_route=\/wp\/v2\/pages\/8","targetHints":{"allow":["GET"]}}],"collection":[{"href":"https:\/\/bcv-beberanien.de\/index.php?rest_route=\/wp\/v2\/pages"}],"about":[{"href":"https:\/\/bcv-beberanien.de\/index.php?rest_route=\/wp\/v2\/types\/page"}],"author":[{"embeddable":true,"href":"https:\/\/bcv-beberanien.de\/index.php?rest_route=\/wp\/v2\/users\/1"}],"replies":[{"embeddable":true,"href":"https:\/\/bcv-beberanien.de\/index.php?rest_route=%2Fwp%2Fv2%2Fcomments&post=8"}],"version-history":[{"count":16,"href":"https:\/\/bcv-beberanien.de\/index.php?rest_route=\/wp\/v2\/pages\/8\/revisions"}],"predecessor-version":[{"id":2573,"href":"https:\/\/bcv-beberanien.de\/index.php?rest_route=\/wp\/v2\/pages\/8\/revisions\/2573"}],"wp:attachment":[{"href":"https:\/\/bcv-beberanien.de\/index.php?rest_route=%2Fwp%2Fv2%2Fmedia&parent=8"}],"curies":[{"name":"wp","href":"https:\/\/api.w.org\/{rel}","templated":true}]}}